{"id":1419,"date":"2021-04-22T08:36:11","date_gmt":"2021-04-22T08:36:11","guid":{"rendered":"http:\/\/www.laznezenskeduse.cz\/?page_id=1419"},"modified":"2024-08-30T13:26:08","modified_gmt":"2024-08-30T13:26:08","slug":"pravni-inspirace","status":"publish","type":"page","link":"https:\/\/www.laznezenskeduse.cz\/index.php\/pravni-inspirace\/","title":{"rendered":"Pr\u00e1vn\u00ed inspirace"},"content":{"rendered":"<div class=\"wp-block-image\">\n<figure class=\"aligncenter size-large\"><img loading=\"lazy\" decoding=\"async\" width=\"860\" height=\"549\" src=\"https:\/\/i0.wp.com\/www.laznezenskeduse.cz\/wp-content\/uploads\/2021\/05\/mj-s-cw2ai6A_eeM-unsplash.jpg?resize=860%2C549&#038;ssl=1\" alt=\"\" class=\"wp-image-1675\" srcset=\"https:\/\/i0.wp.com\/www.laznezenskeduse.cz\/wp-content\/uploads\/2021\/05\/mj-s-cw2ai6A_eeM-unsplash-scaled.jpg?resize=1024%2C654&amp;ssl=1 1024w, https:\/\/i0.wp.com\/www.laznezenskeduse.cz\/wp-content\/uploads\/2021\/05\/mj-s-cw2ai6A_eeM-unsplash-scaled.jpg?resize=300%2C192&amp;ssl=1 300w, https:\/\/i0.wp.com\/www.laznezenskeduse.cz\/wp-content\/uploads\/2021\/05\/mj-s-cw2ai6A_eeM-unsplash-scaled.jpg?resize=768%2C491&amp;ssl=1 768w, https:\/\/i0.wp.com\/www.laznezenskeduse.cz\/wp-content\/uploads\/2021\/05\/mj-s-cw2ai6A_eeM-unsplash-scaled.jpg?resize=1536%2C981&amp;ssl=1 1536w, https:\/\/i0.wp.com\/www.laznezenskeduse.cz\/wp-content\/uploads\/2021\/05\/mj-s-cw2ai6A_eeM-unsplash-scaled.jpg?resize=2048%2C1308&amp;ssl=1 2048w, https:\/\/i0.wp.com\/www.laznezenskeduse.cz\/wp-content\/uploads\/2021\/05\/mj-s-cw2ai6A_eeM-unsplash-scaled.jpg?resize=1100%2C703&amp;ssl=1 1100w, https:\/\/i0.wp.com\/www.laznezenskeduse.cz\/wp-content\/uploads\/2021\/05\/mj-s-cw2ai6A_eeM-unsplash-scaled.jpg?resize=800%2C511&amp;ssl=1 800w, https:\/\/i0.wp.com\/www.laznezenskeduse.cz\/wp-content\/uploads\/2021\/05\/mj-s-cw2ai6A_eeM-unsplash-scaled.jpg?resize=172%2C110&amp;ssl=1 172w, https:\/\/i0.wp.com\/www.laznezenskeduse.cz\/wp-content\/uploads\/2021\/05\/mj-s-cw2ai6A_eeM-unsplash-scaled.jpg?resize=344%2C220&amp;ssl=1 344w, https:\/\/i0.wp.com\/www.laznezenskeduse.cz\/wp-content\/uploads\/2021\/05\/mj-s-cw2ai6A_eeM-unsplash-scaled.jpg?resize=576%2C368&amp;ssl=1 576w, https:\/\/i0.wp.com\/www.laznezenskeduse.cz\/wp-content\/uploads\/2021\/05\/mj-s-cw2ai6A_eeM-unsplash-scaled.jpg?w=1720&amp;ssl=1 1720w\" sizes=\"(max-width: 860px) 100vw, 860px\" data-recalc-dims=\"1\" \/><\/figure><\/div>\n\n\n<h6 class=\"wp-block-heading\" style=\"font-size:20px\">D\u00edky sv\u00fdm pr\u00e1vn\u00edm zku\u0161enostem V\u00e1s r\u00e1da provedu spletit\u00fdmi \u017eivotn\u00edmi k\u0159i\u017eovatkami nebo cestou za Va\u0161imi sny.&nbsp;<\/h6>\n\n\n\n<p><\/p>\n\n\n\n<p>Podpo\u0159\u00edm V\u00e1s b\u011bhem prvn\u00edch krok\u016f k&nbsp;samostatn\u00e9mu podnik\u00e1n\u00ed, pronik\u00e1n\u00ed do taj\u016f GDPR a v\u0161eobecn\u00fdch obchodn\u00edch podm\u00ednek a dal\u0161\u00edch pr\u00e1vn\u00edch ot\u00e1zek souvisej\u00edc\u00edch se zrodem nov\u00fdch projekt\u016f, registraci Va\u0161\u00ed firmy nebo ochrann\u00e9 zn\u00e1mky va\u0161\u00ed zna\u010dky. Najdeme spole\u010dn\u011b pr\u00e1vn\u00ed cestu z&nbsp;neobvykl\u00fdch \u017eivotn\u00edch situac\u00ed. Provedu V\u00e1s p\u0159i ukon\u010dov\u00e1n\u00ed star\u00e9ho a neslou\u017e\u00edc\u00edho stejn\u011b tak V\u00e1s r\u00e1da podpo\u0159\u00edm p\u0159i otev\u00edr\u00e1n\u00ed se nov\u00e9mu a inspiruj\u00edc\u00edmu.<\/p>\n","protected":false},"excerpt":{"rendered":"<p>D\u00edky sv\u00fdm pr\u00e1vn\u00edm zku\u0161enostem V\u00e1s r\u00e1da provedu spletit\u00fdmi \u017eivotn\u00edmi k\u0159i\u017eovatkami nebo cestou za Va\u0161imi sny.&nbsp; Podpo\u0159\u00edm V\u00e1s b\u011bhem prvn\u00edch krok\u016f k&nbsp;samostatn\u00e9mu podnik\u00e1n\u00ed, pronik\u00e1n\u00ed do taj\u016f GDPR a v\u0161eobecn\u00fdch obchodn\u00edch podm\u00ednek a dal\u0161\u00edch pr\u00e1vn\u00edch ot\u00e1zek souvisej\u00edc\u00edch se zrodem nov\u00fdch projekt\u016f, registraci Va\u0161\u00ed firmy nebo ochrann\u00e9 zn\u00e1mky va\u0161\u00ed zna\u010dky. Najdeme spole\u010dn\u011b pr\u00e1vn\u00ed cestu z&nbsp;neobvykl\u00fdch \u017eivotn\u00edch situac\u00ed. Provedu&hellip;<\/p>\n<a class=\"read-more-link\" href=\" https:\/\/www.laznezenskeduse.cz\/index.php\/pravni-inspirace\/ \">Read More<\/a>","protected":false},"author":1,"featured_media":0,"parent":0,"menu_order":0,"comment_status":"closed","ping_status":"closed","template":"","meta":{"footnotes":""},"yoast_head":"<!-- This site is optimized with the Yoast SEO plugin v23.1 - https:\/\/yoast.com\/wordpress\/plugins\/seo\/ -->\n<title>Pr\u00e1vn\u00ed inspirace -<\/title>\n<meta name=\"robots\" content=\"index, follow, max-snippet:-1, max-image-preview:large, max-video-preview:-1\" \/>\n<link rel=\"canonical\" href=\"https:\/\/www.laznezenskeduse.cz\/index.php\/pravni-inspirace\/\" \/>\n<meta property=\"og:locale\" content=\"cs_CZ\" \/>\n<meta property=\"og:type\" content=\"article\" \/>\n<meta property=\"og:title\" content=\"Pr\u00e1vn\u00ed inspirace -\" \/>\n<meta property=\"og:description\" content=\"D\u00edky sv\u00fdm pr\u00e1vn\u00edm zku\u0161enostem V\u00e1s r\u00e1da provedu spletit\u00fdmi \u017eivotn\u00edmi k\u0159i\u017eovatkami nebo cestou za Va\u0161imi sny.&nbsp; Podpo\u0159\u00edm V\u00e1s b\u011bhem prvn\u00edch krok\u016f k&nbsp;samostatn\u00e9mu podnik\u00e1n\u00ed, pronik\u00e1n\u00ed do taj\u016f GDPR a v\u0161eobecn\u00fdch obchodn\u00edch podm\u00ednek a dal\u0161\u00edch pr\u00e1vn\u00edch ot\u00e1zek souvisej\u00edc\u00edch se zrodem nov\u00fdch projekt\u016f, registraci Va\u0161\u00ed firmy nebo ochrann\u00e9 zn\u00e1mky va\u0161\u00ed zna\u010dky. Najdeme spole\u010dn\u011b pr\u00e1vn\u00ed cestu z&nbsp;neobvykl\u00fdch \u017eivotn\u00edch situac\u00ed. Provedu&hellip;\" \/>\n<meta property=\"og:url\" content=\"https:\/\/www.laznezenskeduse.cz\/index.php\/pravni-inspirace\/\" \/>\n<meta property=\"article:modified_time\" content=\"2024-08-30T13:26:08+00:00\" \/>\n<meta property=\"og:image\" content=\"https:\/\/www.laznezenskeduse.cz\/wp-content\/uploads\/2021\/05\/mj-s-cw2ai6A_eeM-unsplash-1024x654.jpg\" \/>\n<meta name=\"twitter:card\" content=\"summary_large_image\" \/>\n<meta name=\"twitter:label1\" content=\"Odhadovan\u00e1 doba \u010dten\u00ed\" \/>\n\t<meta name=\"twitter:data1\" content=\"1 minuta\" \/>\n<script type=\"application\/ld+json\" class=\"yoast-schema-graph\">{\"@context\":\"https:\/\/schema.org\",\"@graph\":[{\"@type\":\"WebPage\",\"@id\":\"https:\/\/www.laznezenskeduse.cz\/index.php\/pravni-inspirace\/\",\"url\":\"https:\/\/www.laznezenskeduse.cz\/index.php\/pravni-inspirace\/\",\"name\":\"Pr\u00e1vn\u00ed inspirace -\",\"isPartOf\":{\"@id\":\"https:\/\/www.laznezenskeduse.cz\/#website\"},\"primaryImageOfPage\":{\"@id\":\"https:\/\/www.laznezenskeduse.cz\/index.php\/pravni-inspirace\/#primaryimage\"},\"image\":{\"@id\":\"https:\/\/www.laznezenskeduse.cz\/index.php\/pravni-inspirace\/#primaryimage\"},\"thumbnailUrl\":\"https:\/\/www.laznezenskeduse.cz\/wp-content\/uploads\/2021\/05\/mj-s-cw2ai6A_eeM-unsplash-1024x654.jpg\",\"datePublished\":\"2021-04-22T08:36:11+00:00\",\"dateModified\":\"2024-08-30T13:26:08+00:00\",\"breadcrumb\":{\"@id\":\"https:\/\/www.laznezenskeduse.cz\/index.php\/pravni-inspirace\/#breadcrumb\"},\"inLanguage\":\"cs\",\"potentialAction\":[{\"@type\":\"ReadAction\",\"target\":[\"https:\/\/www.laznezenskeduse.cz\/index.php\/pravni-inspirace\/\"]}]},{\"@type\":\"ImageObject\",\"inLanguage\":\"cs\",\"@id\":\"https:\/\/www.laznezenskeduse.cz\/index.php\/pravni-inspirace\/#primaryimage\",\"url\":\"https:\/\/i0.wp.com\/www.laznezenskeduse.cz\/wp-content\/uploads\/2021\/05\/mj-s-cw2ai6A_eeM-unsplash-scaled.jpg?fit=2560%2C1635&ssl=1\",\"contentUrl\":\"https:\/\/i0.wp.com\/www.laznezenskeduse.cz\/wp-content\/uploads\/2021\/05\/mj-s-cw2ai6A_eeM-unsplash-scaled.jpg?fit=2560%2C1635&ssl=1\",\"width\":2560,\"height\":1635},{\"@type\":\"BreadcrumbList\",\"@id\":\"https:\/\/www.laznezenskeduse.cz\/index.php\/pravni-inspirace\/#breadcrumb\",\"itemListElement\":[{\"@type\":\"ListItem\",\"position\":1,\"name\":\"Dom\u016f\",\"item\":\"https:\/\/www.laznezenskeduse.cz\/\"},{\"@type\":\"ListItem\",\"position\":2,\"name\":\"Pr\u00e1vn\u00ed inspirace\"}]},{\"@type\":\"WebSite\",\"@id\":\"https:\/\/www.laznezenskeduse.cz\/#website\",\"url\":\"https:\/\/www.laznezenskeduse.cz\/\",\"name\":\"\",\"description\":\"\",\"publisher\":{\"@id\":\"https:\/\/www.laznezenskeduse.cz\/#\/schema\/person\/c484a943d9dfcae451d6e23045961c91\"},\"potentialAction\":[{\"@type\":\"SearchAction\",\"target\":{\"@type\":\"EntryPoint\",\"urlTemplate\":\"https:\/\/www.laznezenskeduse.cz\/?s={search_term_string}\"},\"query-input\":\"required name=search_term_string\"}],\"inLanguage\":\"cs\"},{\"@type\":[\"Person\",\"Organization\"],\"@id\":\"https:\/\/www.laznezenskeduse.cz\/#\/schema\/person\/c484a943d9dfcae451d6e23045961c91\",\"name\":\"Anna Tali\u00e1nov\u00e1\",\"image\":{\"@type\":\"ImageObject\",\"inLanguage\":\"cs\",\"@id\":\"https:\/\/www.laznezenskeduse.cz\/#\/schema\/person\/image\/\",\"url\":\"https:\/\/i0.wp.com\/www.laznezenskeduse.cz\/wp-content\/uploads\/2021\/04\/Lazne-zenske-duse_logo.png?fit=400%2C150&ssl=1\",\"contentUrl\":\"https:\/\/i0.wp.com\/www.laznezenskeduse.cz\/wp-content\/uploads\/2021\/04\/Lazne-zenske-duse_logo.png?fit=400%2C150&ssl=1\",\"width\":400,\"height\":150,\"caption\":\"Anna Tali\u00e1nov\u00e1\"},\"logo\":{\"@id\":\"https:\/\/www.laznezenskeduse.cz\/#\/schema\/person\/image\/\"},\"sameAs\":[\"http:\/\/laznezenskeduse.cz\"]}]}<\/script>\n<!-- \/ Yoast SEO plugin. -->","yoast_head_json":{"title":"Pr\u00e1vn\u00ed inspirace -","robots":{"index":"index","follow":"follow","max-snippet":"max-snippet:-1","max-image-preview":"max-image-preview:large","max-video-preview":"max-video-preview:-1"},"canonical":"https:\/\/www.laznezenskeduse.cz\/index.php\/pravni-inspirace\/","og_locale":"cs_CZ","og_type":"article","og_title":"Pr\u00e1vn\u00ed inspirace -","og_description":"D\u00edky sv\u00fdm pr\u00e1vn\u00edm zku\u0161enostem V\u00e1s r\u00e1da provedu spletit\u00fdmi \u017eivotn\u00edmi k\u0159i\u017eovatkami nebo cestou za Va\u0161imi sny.&nbsp; Podpo\u0159\u00edm V\u00e1s b\u011bhem prvn\u00edch krok\u016f k&nbsp;samostatn\u00e9mu podnik\u00e1n\u00ed, pronik\u00e1n\u00ed do taj\u016f GDPR a v\u0161eobecn\u00fdch obchodn\u00edch podm\u00ednek a dal\u0161\u00edch pr\u00e1vn\u00edch ot\u00e1zek souvisej\u00edc\u00edch se zrodem nov\u00fdch projekt\u016f, registraci Va\u0161\u00ed firmy nebo ochrann\u00e9 zn\u00e1mky va\u0161\u00ed zna\u010dky. Najdeme spole\u010dn\u011b pr\u00e1vn\u00ed cestu z&nbsp;neobvykl\u00fdch \u017eivotn\u00edch situac\u00ed. Provedu&hellip;","og_url":"https:\/\/www.laznezenskeduse.cz\/index.php\/pravni-inspirace\/","article_modified_time":"2024-08-30T13:26:08+00:00","og_image":[{"url":"https:\/\/www.laznezenskeduse.cz\/wp-content\/uploads\/2021\/05\/mj-s-cw2ai6A_eeM-unsplash-1024x654.jpg"}],"twitter_card":"summary_large_image","twitter_misc":{"Odhadovan\u00e1 doba \u010dten\u00ed":"1 minuta"},"schema":{"@context":"https:\/\/schema.org","@graph":[{"@type":"WebPage","@id":"https:\/\/www.laznezenskeduse.cz\/index.php\/pravni-inspirace\/","url":"https:\/\/www.laznezenskeduse.cz\/index.php\/pravni-inspirace\/","name":"Pr\u00e1vn\u00ed inspirace -","isPartOf":{"@id":"https:\/\/www.laznezenskeduse.cz\/#website"},"primaryImageOfPage":{"@id":"https:\/\/www.laznezenskeduse.cz\/index.php\/pravni-inspirace\/#primaryimage"},"image":{"@id":"https:\/\/www.laznezenskeduse.cz\/index.php\/pravni-inspirace\/#primaryimage"},"thumbnailUrl":"https:\/\/www.laznezenskeduse.cz\/wp-content\/uploads\/2021\/05\/mj-s-cw2ai6A_eeM-unsplash-1024x654.jpg","datePublished":"2021-04-22T08:36:11+00:00","dateModified":"2024-08-30T13:26:08+00:00","breadcrumb":{"@id":"https:\/\/www.laznezenskeduse.cz\/index.php\/pravni-inspirace\/#breadcrumb"},"inLanguage":"cs","potentialAction":[{"@type":"ReadAction","target":["https:\/\/www.laznezenskeduse.cz\/index.php\/pravni-inspirace\/"]}]},{"@type":"ImageObject","inLanguage":"cs","@id":"https:\/\/www.laznezenskeduse.cz\/index.php\/pravni-inspirace\/#primaryimage","url":"https:\/\/i0.wp.com\/www.laznezenskeduse.cz\/wp-content\/uploads\/2021\/05\/mj-s-cw2ai6A_eeM-unsplash-scaled.jpg?fit=2560%2C1635&ssl=1","contentUrl":"https:\/\/i0.wp.com\/www.laznezenskeduse.cz\/wp-content\/uploads\/2021\/05\/mj-s-cw2ai6A_eeM-unsplash-scaled.jpg?fit=2560%2C1635&ssl=1","width":2560,"height":1635},{"@type":"BreadcrumbList","@id":"https:\/\/www.laznezenskeduse.cz\/index.php\/pravni-inspirace\/#breadcrumb","itemListElement":[{"@type":"ListItem","position":1,"name":"Dom\u016f","item":"https:\/\/www.laznezenskeduse.cz\/"},{"@type":"ListItem","position":2,"name":"Pr\u00e1vn\u00ed inspirace"}]},{"@type":"WebSite","@id":"https:\/\/www.laznezenskeduse.cz\/#website","url":"https:\/\/www.laznezenskeduse.cz\/","name":"","description":"","publisher":{"@id":"https:\/\/www.laznezenskeduse.cz\/#\/schema\/person\/c484a943d9dfcae451d6e23045961c91"},"potentialAction":[{"@type":"SearchAction","target":{"@type":"EntryPoint","urlTemplate":"https:\/\/www.laznezenskeduse.cz\/?s={search_term_string}"},"query-input":"required name=search_term_string"}],"inLanguage":"cs"},{"@type":["Person","Organization"],"@id":"https:\/\/www.laznezenskeduse.cz\/#\/schema\/person\/c484a943d9dfcae451d6e23045961c91","name":"Anna Tali\u00e1nov\u00e1","image":{"@type":"ImageObject","inLanguage":"cs","@id":"https:\/\/www.laznezenskeduse.cz\/#\/schema\/person\/image\/","url":"https:\/\/i0.wp.com\/www.laznezenskeduse.cz\/wp-content\/uploads\/2021\/04\/Lazne-zenske-duse_logo.png?fit=400%2C150&ssl=1","contentUrl":"https:\/\/i0.wp.com\/www.laznezenskeduse.cz\/wp-content\/uploads\/2021\/04\/Lazne-zenske-duse_logo.png?fit=400%2C150&ssl=1","width":400,"height":150,"caption":"Anna Tali\u00e1nov\u00e1"},"logo":{"@id":"https:\/\/www.laznezenskeduse.cz\/#\/schema\/person\/image\/"},"sameAs":["http:\/\/laznezenskeduse.cz"]}]}},"jetpack_sharing_enabled":true,"jetpack-related-posts":[],"_links":{"self":[{"href":"https:\/\/www.laznezenskeduse.cz\/index.php\/wp-json\/wp\/v2\/pages\/1419"}],"collection":[{"href":"https:\/\/www.laznezenskeduse.cz\/index.php\/wp-json\/wp\/v2\/pages"}],"about":[{"href":"https:\/\/www.laznezenskeduse.cz\/index.php\/wp-json\/wp\/v2\/types\/page"}],"author":[{"embeddable":true,"href":"https:\/\/www.laznezenskeduse.cz\/index.php\/wp-json\/wp\/v2\/users\/1"}],"replies":[{"embeddable":true,"href":"https:\/\/www.laznezenskeduse.cz\/index.php\/wp-json\/wp\/v2\/comments?post=1419"}],"version-history":[{"count":8,"href":"https:\/\/www.laznezenskeduse.cz\/index.php\/wp-json\/wp\/v2\/pages\/1419\/revisions"}],"predecessor-version":[{"id":3600,"href":"https:\/\/www.laznezenskeduse.cz\/index.php\/wp-json\/wp\/v2\/pages\/1419\/revisions\/3600"}],"wp:attachment":[{"href":"https:\/\/www.laznezenskeduse.cz\/index.php\/wp-json\/wp\/v2\/media?parent=1419"}],"curies":[{"name":"wp","href":"https:\/\/api.w.org\/{rel}","templated":true}]}}