{"id":1519,"date":"2021-04-22T08:11:08","date_gmt":"2021-04-22T08:11:08","guid":{"rendered":"http:\/\/www.laznezenskeduse.cz\/index.php\/stastne-spolu-2\/"},"modified":"2024-11-14T08:41:08","modified_gmt":"2024-11-14T08:41:08","slug":"ritualy","status":"publish","type":"page","link":"https:\/\/www.laznezenskeduse.cz\/index.php\/ritualy\/","title":{"rendered":"Ritu\u00e1ly"},"content":{"rendered":"\n<figure class=\"wp-block-image size-large\"><img loading=\"lazy\" decoding=\"async\" width=\"683\" height=\"1024\" src=\"https:\/\/i0.wp.com\/www.laznezenskeduse.cz\/wp-content\/uploads\/2024\/08\/3SV08203.jpg?resize=683%2C1024&#038;ssl=1\" alt=\"\" class=\"wp-image-3496\" srcset=\"https:\/\/i0.wp.com\/www.laznezenskeduse.cz\/wp-content\/uploads\/2024\/08\/3SV08203.jpg?resize=683%2C1024&amp;ssl=1 683w, https:\/\/i0.wp.com\/www.laznezenskeduse.cz\/wp-content\/uploads\/2024\/08\/3SV08203.jpg?resize=200%2C300&amp;ssl=1 200w, https:\/\/i0.wp.com\/www.laznezenskeduse.cz\/wp-content\/uploads\/2024\/08\/3SV08203.jpg?resize=768%2C1152&amp;ssl=1 768w, https:\/\/i0.wp.com\/www.laznezenskeduse.cz\/wp-content\/uploads\/2024\/08\/3SV08203.jpg?resize=800%2C1200&amp;ssl=1 800w, https:\/\/i0.wp.com\/www.laznezenskeduse.cz\/wp-content\/uploads\/2024\/08\/3SV08203.jpg?resize=73%2C110&amp;ssl=1 73w, https:\/\/i0.wp.com\/www.laznezenskeduse.cz\/wp-content\/uploads\/2024\/08\/3SV08203.jpg?resize=147%2C220&amp;ssl=1 147w, https:\/\/i0.wp.com\/www.laznezenskeduse.cz\/wp-content\/uploads\/2024\/08\/3SV08203.jpg?resize=576%2C864&amp;ssl=1 576w, https:\/\/i0.wp.com\/www.laznezenskeduse.cz\/wp-content\/uploads\/2024\/08\/3SV08203.jpg?w=1024&amp;ssl=1 1024w\" sizes=\"(max-width: 683px) 100vw, 683px\" data-recalc-dims=\"1\" \/><\/figure>\n\n\n\n<h6 class=\"wp-block-heading\" style=\"font-size:20px\">V&nbsp;\u017eivot\u011b m\u011b nesm\u00edrn\u011b bav\u00ed skl\u00e1dat jeho barevn\u00e9 st\u0159\u00edpky a tvo\u0159it z&nbsp;nich obrazy. Tyto obrazy pak propojovat s&nbsp;ostatn\u00edmi, kdy vznikaj\u00ed neopakovateln\u00e9 galerie vztah\u016f, pocit\u016f, bl\u00edzkosti, propojov\u00e1n\u00ed, p\u0159ij\u00edm\u00e1n\u00ed, ale i odlou\u010den\u00ed, vzdalov\u00e1n\u00ed, odch\u00e1zen\u00ed. A proto miluji ritu\u00e1ly.&nbsp;<\/h6>\n\n\n\n<p>Kdy\u017e dok\u00e1\u017eeme vid\u011bt neoby\u010dejn\u00e9 v\u011bci v&nbsp;t\u011bch oby\u010dejn\u00fdch, mohou se d\u00edt z\u00e1zraky. T\u0159eba se na malou chv\u00edli r\u00e1no zastavit a ocenit n\u00e1dhernou v\u016fni zelen\u00e9ho \u010daje. Vychutnat si jeho lahodnou chu\u0165 v kr\u00e1tk\u00e9m okam\u017eiku, kter\u00fd pak p\u0159inese klid do cel\u00e9ho dne. V\u0161\u00edmat si a u\u017e\u00edvat spousty drobn\u00fdch mali\u010dkost\u00ed, kter\u00e9 povzn\u00e1\u0161ej\u00ed ka\u017edodennost na kr\u00e1lovskou \u00farove\u0148. Nau\u010dit se sv\u016fj \u017eivot pro\u017e\u00edvat a pln\u011b si vychutn\u00e1vat nevinn\u00e1 pot\u011b\u0161en\u00ed, v\u0161\u00edmat si mali\u010dkost\u00ed, kter\u00e9 rozz\u00e1\u0159\u00ed den. Takov\u00e9 oby\u010dejn\u00e9 chv\u00edle, kter\u00e9 n\u00e1\u0161 \u017eivot mohou \u010dinit neoby\u010dejn\u00fdmi. A pr\u00e1v\u011b tyto neoby\u010dejn\u00e9 oby\u010dejnosti vn\u00edm\u00e1m jako ty nejd\u016fle\u017eit\u011bj\u0161\u00ed ritu\u00e1ly na\u0161ich \u017eivot\u016f, proto\u017ee n\u00e1s prov\u00e1z\u00ed ka\u017ed\u00fd den. Jak velkou s\u00edlu m\u00e1 objet\u00ed p\u0159ed span\u00edm, kter\u00e9 n\u00e1m dod\u00e1 pocit bezpe\u010d\u00ed. Nebo spole\u010dn\u00fd \u010das u ve\u010de\u0159e, kde ka\u017ed\u00fd m\u00e1 prostor sd\u00edlet sv\u00e9 pocity a pro\u017eitky z&nbsp;cel\u00e9ho dne. Nab\u00edz\u00edm prostor pro vn\u00edm\u00e1n\u00ed a objevov\u00e1n\u00ed ka\u017edodenn\u00edch ritu\u00e1l\u016f, kter\u00e9 n\u00e1m pomohou spo\u010dinout v&nbsp;p\u0159\u00edtomn\u00e9m okam\u017eiku.<\/p>\n\n\n\n<p>V&nbsp;\u017eivot\u011b ka\u017ed\u00e9ho z&nbsp;n\u00e1s p\u0159ijde chv\u00edle, kdy se mozaika na\u0161eho \u017eivota prom\u011b\u0148uje. Jedna \u010d\u00e1st odch\u00e1z\u00ed, aby se mohla zrodit nov\u00e1.&nbsp; Ka\u017ed\u00e1 takov\u00e1 chv\u00edle je jedine\u010dn\u00e1 a ve sv\u00e9 podstat\u011b n\u00e1dhern\u00e1. V\u00edm jako nesm\u00edrn\u011b d\u016fle\u017eit\u00e9 si mezi touto prom\u011bnou dovolit b\u00fdt ve chv\u00edli bez\u010das\u00ed. Uzav\u0159\u00edt to co bylo, zhluboka vydechnout a chv\u00edli jen b\u00fdt. Vn\u00edmat sebe a sv\u00e9 pocity. A pak se nadechnout a s&nbsp;d\u016fv\u011brou vykro\u010dit objevovat to, co p\u0159ijde. S&nbsp;pokorou a laskavost\u00ed budu st\u00e1t po Tv\u00e9m boku v&nbsp;t\u011bchto nesm\u00edrn\u011b d\u016fle\u017eit\u00fdch, hlubok\u00fdch a p\u0159itom k\u0159ehk\u00fdch chv\u00edl\u00edch.&nbsp;<\/p>\n\n\n\n<div style=\"height:25px\" aria-hidden=\"true\" class=\"wp-block-spacer\"><\/div>\n\n\n\n<h6 class=\"wp-block-heading has-medium-font-size\">Nab\u00eddka ritu\u00e1l\u016f<\/h6>\n\n\n\n<p><strong>Ritu\u00e1l ka\u017edodennosti<\/strong><br>Konzultace k&nbsp;hled\u00e1n\u00ed a propojen\u00ed se s ka\u017edodenn\u00edmi ritu\u00e1ly dle individu\u00e1ln\u00edch pot\u0159eb.<br>D\u00e9lka 1 hodina.&nbsp;<br><em>1&nbsp;800 K\u010d<\/em><\/p>\n\n\n\n<p><strong>P\u0159edporodn\u00ed ritu\u00e1l \u00a0<br><\/strong>Chv\u00edle zastaven\u00ed se pro nast\u00e1vaj\u00edc\u00ed maminku p\u0159ed porodem za podpory j\u00ed bl\u00edzk\u00fdch \u017een. Ritu\u00e1l vedu v\u00a0souladu s\u00a0individu\u00e1ln\u00edmi pot\u0159ebami a p\u0159\u00e1n\u00edmi nast\u00e1vaj\u00edc\u00ed maminky, aby ji naladil a dodal s\u00edly pro nadch\u00e1zej\u00edc\u00ed porod.<br>D\u00e9lka 3\u2014\u2060\u2060\u2060\u2060\u2060\u20604 hodiny + 1 hodina individu\u00e1ln\u00ed konzultace p\u0159ed ritu\u00e1lem.\u00a0<br><em>5\u00a0000 K\u010d<\/em><\/p>\n\n\n\n<p><strong>Ritu\u00e1l nev\u011bsty<br><\/strong>\u010casoprostor pro oslavu a uzav\u0159en\u00ed svobodn\u00e9 \u010d\u00e1sti \u017eivota nev\u011bsty a p\u0159\u00edprava na vstup do man\u017eelsk\u00e9ho \u017eivota v\u00a0kruhu bl\u00edzk\u00fdch \u017een. Ritu\u00e1l vedu v\u00a0souladu s\u00a0individu\u00e1ln\u00edmi pot\u0159ebami nast\u00e1vaj\u00edc\u00ed nev\u011bsty, aby ji pomohl se p\u0159ed vstupem do nov\u00e9 role zastavit a dovolit si b\u00fdt chv\u00edli jen sama se sebou.\u00a0 D\u00e9lka 3\u20144 hodiny + 1 hodina individu\u00e1ln\u00ed konzultace p\u0159ed ritu\u00e1lem.<br><em>5\u00a0000 K\u010d<\/em><\/p>\n\n\n\n<p><strong>Ritu\u00e1l Menarche<br><\/strong>Oslava prom\u011bny d\u00edvky v\u00a0\u017eenu. Ritu\u00e1l vedu v\u00a0souladu s\u00a0p\u0159\u00e1n\u00edmi d\u00edvky, kter\u00e1 se pr\u00e1v\u011b st\u00e1v\u00e1 \u017eenou, velmi jemn\u011b a citliv\u011b s\u00a0ohledem na k\u0159ehkost jej\u00edch nov\u011b rostouc\u00edch k\u0159\u00eddel.\u00a0<br>D\u00e9lka 3\u2014\u2060\u2060\u2060\u2060\u2060\u20604 hodiny + 1 hodina individu\u00e1ln\u00ed konzultace p\u0159ed ritu\u00e1lem.<br><em>5\u00a0000 K\u010d<\/em><\/p>\n\n\n\n<p><strong>Individu\u00e1ln\u00ed ritu\u00e1l \u010di konzultace<br><\/strong>Ritu\u00e1l, kter\u00fd tvo\u0159\u00edm na z\u00e1klad\u011b origin\u00e1ln\u00edho p\u0159\u00e1n\u00ed \u010di z\u00e1m\u011bru, narozeninov\u00fd ritu\u00e1l, apod.\u00a0 Ritu\u00e1l vznik\u00e1 ve vz\u00e1jemn\u00e9m intenzivn\u00edm propojen\u00ed s konkr\u00e9tn\u00edm z\u00e1m\u011brem.<br>D\u00e9lka 3\u2014\u2060\u2060\u2060\u2060\u2060\u20604 hodiny v\u010detn\u011b oslavy + 1 hodina individu\u00e1ln\u00ed konzultace p\u0159ed ritu\u00e1lem<br><em>6\u00a0000 K\u010d<\/em><\/p>\n\n\n\n<p><strong>Partnersk\u00e9 ob\u0159ady &#8211; svatebn\u00ed ritu\u00e1l, obnova man\u017eelsk\u00e9ho slibu<br><\/strong>Ritu\u00e1l propojen\u00ed \u017eivota snoubenc\u016f a po\u017eehn\u00e1n\u00ed na jejich spole\u010dn\u00e9 cest\u011b \u017eivotem. <br>Ritu\u00e1lu p\u0159edch\u00e1z\u00ed konzultace se snoubenci a jejich p\u0159\u00edprava na vstup do man\u017eelstv\u00ed a na samotn\u00fd svatebn\u00ed ritu\u00e1l v&nbsp;d\u00e9lce 3 hodin.<br><em>15&nbsp;000&nbsp;K\u010d<\/em><\/p>\n\n\n\n<p><strong>Rozchodov\u00fd ritu\u00e1l\u00a0<br><\/strong>Chv\u00edle zastaven\u00ed se a ukon\u010den\u00ed v\u0161eho co partnery propojovalo ve vz\u00e1jemn\u00e9m vztahu. Rozchodov\u00fd ritu\u00e1l lze vytvo\u0159it jen pro jednoho partnera.<br>D\u00e9lka 1\u20142 hodiny + 2 hodiny individu\u00e1ln\u00edch konzultac\u00ed p\u0159ed ritu\u00e1lem.\u00a0<br><em>8\u00a0000 K\u010d.<\/em><\/p>\n\n\n\n<figure class=\"wp-block-image size-full\"><img loading=\"lazy\" decoding=\"async\" width=\"860\" height=\"574\" src=\"https:\/\/i0.wp.com\/www.laznezenskeduse.cz\/wp-content\/uploads\/2024\/08\/3SV08186.jpg?resize=860%2C574&#038;ssl=1\" alt=\"\" class=\"wp-image-3498\" srcset=\"https:\/\/i0.wp.com\/www.laznezenskeduse.cz\/wp-content\/uploads\/2024\/08\/3SV08186.jpg?w=1024&amp;ssl=1 1024w, https:\/\/i0.wp.com\/www.laznezenskeduse.cz\/wp-content\/uploads\/2024\/08\/3SV08186.jpg?resize=300%2C200&amp;ssl=1 300w, https:\/\/i0.wp.com\/www.laznezenskeduse.cz\/wp-content\/uploads\/2024\/08\/3SV08186.jpg?resize=768%2C512&amp;ssl=1 768w, https:\/\/i0.wp.com\/www.laznezenskeduse.cz\/wp-content\/uploads\/2024\/08\/3SV08186.jpg?resize=800%2C534&amp;ssl=1 800w, https:\/\/i0.wp.com\/www.laznezenskeduse.cz\/wp-content\/uploads\/2024\/08\/3SV08186.jpg?resize=165%2C110&amp;ssl=1 165w, https:\/\/i0.wp.com\/www.laznezenskeduse.cz\/wp-content\/uploads\/2024\/08\/3SV08186.jpg?resize=330%2C220&amp;ssl=1 330w, https:\/\/i0.wp.com\/www.laznezenskeduse.cz\/wp-content\/uploads\/2024\/08\/3SV08186.jpg?resize=576%2C384&amp;ssl=1 576w\" sizes=\"(max-width: 860px) 100vw, 860px\" data-recalc-dims=\"1\" \/><\/figure>\n","protected":false},"excerpt":{"rendered":"<p>V\u00a0\u017eivot\u011b m\u011b nesm\u00edrn\u011b bav\u00ed skl\u00e1dat jeho barevn\u00e9 st\u0159\u00edpky a tvo\u0159it z\u00a0nich obrazy. <\/p>\n<a class=\"read-more-link\" href=\" https:\/\/www.laznezenskeduse.cz\/index.php\/ritualy\/ \">Read More<\/a>","protected":false},"author":1,"featured_media":3496,"parent":0,"menu_order":0,"comment_status":"closed","ping_status":"closed","template":"","meta":{"footnotes":""},"yoast_head":"<!-- This site is optimized with the Yoast SEO plugin v23.1 - https:\/\/yoast.com\/wordpress\/plugins\/seo\/ -->\n<title>Ritu\u00e1ly -<\/title>\n<meta name=\"description\" content=\"Jsem po\u017eitk\u00e1\u0159ka. A miluji ritu\u00e1ly. Dok\u00e1\u017ei r\u00e1no ocenit n\u00e1dhernou v\u016fni zelen\u00e9ho \u010daje a vychutnat si jeho lahodnou chu\u0165 v kr\u00e1tk\u00e9m m\u017eiku zastaven\u00ed, kter\u00fd mi p\u0159inese klid do cel\u00e9ho dne.\" \/>\n<meta name=\"robots\" content=\"index, follow, max-snippet:-1, max-image-preview:large, max-video-preview:-1\" \/>\n<link rel=\"canonical\" href=\"https:\/\/www.laznezenskeduse.cz\/index.php\/ritualy\/\" \/>\n<meta property=\"og:locale\" content=\"cs_CZ\" \/>\n<meta property=\"og:type\" content=\"article\" \/>\n<meta property=\"og:title\" content=\"Ritu\u00e1ly -\" \/>\n<meta property=\"og:description\" content=\"Jsem po\u017eitk\u00e1\u0159ka. A miluji ritu\u00e1ly. Dok\u00e1\u017ei r\u00e1no ocenit n\u00e1dhernou v\u016fni zelen\u00e9ho \u010daje a vychutnat si jeho lahodnou chu\u0165 v kr\u00e1tk\u00e9m m\u017eiku zastaven\u00ed, kter\u00fd mi p\u0159inese klid do cel\u00e9ho dne.\" \/>\n<meta property=\"og:url\" content=\"https:\/\/www.laznezenskeduse.cz\/index.php\/ritualy\/\" \/>\n<meta property=\"article:modified_time\" content=\"2024-11-14T08:41:08+00:00\" \/>\n<meta property=\"og:image\" content=\"https:\/\/www.laznezenskeduse.cz\/wp-content\/uploads\/2024\/08\/3SV08203.jpg\" \/>\n\t<meta property=\"og:image:width\" content=\"1024\" \/>\n\t<meta property=\"og:image:height\" content=\"1536\" \/>\n\t<meta property=\"og:image:type\" content=\"image\/jpeg\" \/>\n<meta name=\"twitter:card\" content=\"summary_large_image\" \/>\n<meta name=\"twitter:label1\" content=\"Odhadovan\u00e1 doba \u010dten\u00ed\" \/>\n\t<meta name=\"twitter:data1\" content=\"1 minuta\" \/>\n<script type=\"application\/ld+json\" class=\"yoast-schema-graph\">{\"@context\":\"https:\/\/schema.org\",\"@graph\":[{\"@type\":\"WebPage\",\"@id\":\"https:\/\/www.laznezenskeduse.cz\/index.php\/ritualy\/\",\"url\":\"https:\/\/www.laznezenskeduse.cz\/index.php\/ritualy\/\",\"name\":\"Ritu\u00e1ly -\",\"isPartOf\":{\"@id\":\"https:\/\/www.laznezenskeduse.cz\/#website\"},\"primaryImageOfPage\":{\"@id\":\"https:\/\/www.laznezenskeduse.cz\/index.php\/ritualy\/#primaryimage\"},\"image\":{\"@id\":\"https:\/\/www.laznezenskeduse.cz\/index.php\/ritualy\/#primaryimage\"},\"thumbnailUrl\":\"https:\/\/i0.wp.com\/www.laznezenskeduse.cz\/wp-content\/uploads\/2024\/08\/3SV08203.jpg?fit=1024%2C1536&ssl=1\",\"datePublished\":\"2021-04-22T08:11:08+00:00\",\"dateModified\":\"2024-11-14T08:41:08+00:00\",\"description\":\"Jsem po\u017eitk\u00e1\u0159ka. A miluji ritu\u00e1ly. Dok\u00e1\u017ei r\u00e1no ocenit n\u00e1dhernou v\u016fni zelen\u00e9ho \u010daje a vychutnat si jeho lahodnou chu\u0165 v kr\u00e1tk\u00e9m m\u017eiku zastaven\u00ed, kter\u00fd mi p\u0159inese klid do cel\u00e9ho dne.\",\"breadcrumb\":{\"@id\":\"https:\/\/www.laznezenskeduse.cz\/index.php\/ritualy\/#breadcrumb\"},\"inLanguage\":\"cs\",\"potentialAction\":[{\"@type\":\"ReadAction\",\"target\":[\"https:\/\/www.laznezenskeduse.cz\/index.php\/ritualy\/\"]}]},{\"@type\":\"ImageObject\",\"inLanguage\":\"cs\",\"@id\":\"https:\/\/www.laznezenskeduse.cz\/index.php\/ritualy\/#primaryimage\",\"url\":\"https:\/\/i0.wp.com\/www.laznezenskeduse.cz\/wp-content\/uploads\/2024\/08\/3SV08203.jpg?fit=1024%2C1536&ssl=1\",\"contentUrl\":\"https:\/\/i0.wp.com\/www.laznezenskeduse.cz\/wp-content\/uploads\/2024\/08\/3SV08203.jpg?fit=1024%2C1536&ssl=1\",\"width\":1024,\"height\":1536},{\"@type\":\"BreadcrumbList\",\"@id\":\"https:\/\/www.laznezenskeduse.cz\/index.php\/ritualy\/#breadcrumb\",\"itemListElement\":[{\"@type\":\"ListItem\",\"position\":1,\"name\":\"Dom\u016f\",\"item\":\"https:\/\/www.laznezenskeduse.cz\/\"},{\"@type\":\"ListItem\",\"position\":2,\"name\":\"Ritu\u00e1ly\"}]},{\"@type\":\"WebSite\",\"@id\":\"https:\/\/www.laznezenskeduse.cz\/#website\",\"url\":\"https:\/\/www.laznezenskeduse.cz\/\",\"name\":\"\",\"description\":\"\",\"publisher\":{\"@id\":\"https:\/\/www.laznezenskeduse.cz\/#\/schema\/person\/c484a943d9dfcae451d6e23045961c91\"},\"potentialAction\":[{\"@type\":\"SearchAction\",\"target\":{\"@type\":\"EntryPoint\",\"urlTemplate\":\"https:\/\/www.laznezenskeduse.cz\/?s={search_term_string}\"},\"query-input\":\"required name=search_term_string\"}],\"inLanguage\":\"cs\"},{\"@type\":[\"Person\",\"Organization\"],\"@id\":\"https:\/\/www.laznezenskeduse.cz\/#\/schema\/person\/c484a943d9dfcae451d6e23045961c91\",\"name\":\"Anna Tali\u00e1nov\u00e1\",\"image\":{\"@type\":\"ImageObject\",\"inLanguage\":\"cs\",\"@id\":\"https:\/\/www.laznezenskeduse.cz\/#\/schema\/person\/image\/\",\"url\":\"https:\/\/i0.wp.com\/www.laznezenskeduse.cz\/wp-content\/uploads\/2021\/04\/Lazne-zenske-duse_logo.png?fit=400%2C150&ssl=1\",\"contentUrl\":\"https:\/\/i0.wp.com\/www.laznezenskeduse.cz\/wp-content\/uploads\/2021\/04\/Lazne-zenske-duse_logo.png?fit=400%2C150&ssl=1\",\"width\":400,\"height\":150,\"caption\":\"Anna Tali\u00e1nov\u00e1\"},\"logo\":{\"@id\":\"https:\/\/www.laznezenskeduse.cz\/#\/schema\/person\/image\/\"},\"sameAs\":[\"http:\/\/laznezenskeduse.cz\"]}]}<\/script>\n<!-- \/ Yoast SEO plugin. -->","yoast_head_json":{"title":"Ritu\u00e1ly -","description":"Jsem po\u017eitk\u00e1\u0159ka. A miluji ritu\u00e1ly. Dok\u00e1\u017ei r\u00e1no ocenit n\u00e1dhernou v\u016fni zelen\u00e9ho \u010daje a vychutnat si jeho lahodnou chu\u0165 v kr\u00e1tk\u00e9m m\u017eiku zastaven\u00ed, kter\u00fd mi p\u0159inese klid do cel\u00e9ho dne.","robots":{"index":"index","follow":"follow","max-snippet":"max-snippet:-1","max-image-preview":"max-image-preview:large","max-video-preview":"max-video-preview:-1"},"canonical":"https:\/\/www.laznezenskeduse.cz\/index.php\/ritualy\/","og_locale":"cs_CZ","og_type":"article","og_title":"Ritu\u00e1ly -","og_description":"Jsem po\u017eitk\u00e1\u0159ka. A miluji ritu\u00e1ly. Dok\u00e1\u017ei r\u00e1no ocenit n\u00e1dhernou v\u016fni zelen\u00e9ho \u010daje a vychutnat si jeho lahodnou chu\u0165 v kr\u00e1tk\u00e9m m\u017eiku zastaven\u00ed, kter\u00fd mi p\u0159inese klid do cel\u00e9ho dne.","og_url":"https:\/\/www.laznezenskeduse.cz\/index.php\/ritualy\/","article_modified_time":"2024-11-14T08:41:08+00:00","og_image":[{"width":1024,"height":1536,"url":"https:\/\/www.laznezenskeduse.cz\/wp-content\/uploads\/2024\/08\/3SV08203.jpg","type":"image\/jpeg"}],"twitter_card":"summary_large_image","twitter_misc":{"Odhadovan\u00e1 doba \u010dten\u00ed":"1 minuta"},"schema":{"@context":"https:\/\/schema.org","@graph":[{"@type":"WebPage","@id":"https:\/\/www.laznezenskeduse.cz\/index.php\/ritualy\/","url":"https:\/\/www.laznezenskeduse.cz\/index.php\/ritualy\/","name":"Ritu\u00e1ly -","isPartOf":{"@id":"https:\/\/www.laznezenskeduse.cz\/#website"},"primaryImageOfPage":{"@id":"https:\/\/www.laznezenskeduse.cz\/index.php\/ritualy\/#primaryimage"},"image":{"@id":"https:\/\/www.laznezenskeduse.cz\/index.php\/ritualy\/#primaryimage"},"thumbnailUrl":"https:\/\/i0.wp.com\/www.laznezenskeduse.cz\/wp-content\/uploads\/2024\/08\/3SV08203.jpg?fit=1024%2C1536&ssl=1","datePublished":"2021-04-22T08:11:08+00:00","dateModified":"2024-11-14T08:41:08+00:00","description":"Jsem po\u017eitk\u00e1\u0159ka. A miluji ritu\u00e1ly. Dok\u00e1\u017ei r\u00e1no ocenit n\u00e1dhernou v\u016fni zelen\u00e9ho \u010daje a vychutnat si jeho lahodnou chu\u0165 v kr\u00e1tk\u00e9m m\u017eiku zastaven\u00ed, kter\u00fd mi p\u0159inese klid do cel\u00e9ho dne.","breadcrumb":{"@id":"https:\/\/www.laznezenskeduse.cz\/index.php\/ritualy\/#breadcrumb"},"inLanguage":"cs","potentialAction":[{"@type":"ReadAction","target":["https:\/\/www.laznezenskeduse.cz\/index.php\/ritualy\/"]}]},{"@type":"ImageObject","inLanguage":"cs","@id":"https:\/\/www.laznezenskeduse.cz\/index.php\/ritualy\/#primaryimage","url":"https:\/\/i0.wp.com\/www.laznezenskeduse.cz\/wp-content\/uploads\/2024\/08\/3SV08203.jpg?fit=1024%2C1536&ssl=1","contentUrl":"https:\/\/i0.wp.com\/www.laznezenskeduse.cz\/wp-content\/uploads\/2024\/08\/3SV08203.jpg?fit=1024%2C1536&ssl=1","width":1024,"height":1536},{"@type":"BreadcrumbList","@id":"https:\/\/www.laznezenskeduse.cz\/index.php\/ritualy\/#breadcrumb","itemListElement":[{"@type":"ListItem","position":1,"name":"Dom\u016f","item":"https:\/\/www.laznezenskeduse.cz\/"},{"@type":"ListItem","position":2,"name":"Ritu\u00e1ly"}]},{"@type":"WebSite","@id":"https:\/\/www.laznezenskeduse.cz\/#website","url":"https:\/\/www.laznezenskeduse.cz\/","name":"","description":"","publisher":{"@id":"https:\/\/www.laznezenskeduse.cz\/#\/schema\/person\/c484a943d9dfcae451d6e23045961c91"},"potentialAction":[{"@type":"SearchAction","target":{"@type":"EntryPoint","urlTemplate":"https:\/\/www.laznezenskeduse.cz\/?s={search_term_string}"},"query-input":"required name=search_term_string"}],"inLanguage":"cs"},{"@type":["Person","Organization"],"@id":"https:\/\/www.laznezenskeduse.cz\/#\/schema\/person\/c484a943d9dfcae451d6e23045961c91","name":"Anna Tali\u00e1nov\u00e1","image":{"@type":"ImageObject","inLanguage":"cs","@id":"https:\/\/www.laznezenskeduse.cz\/#\/schema\/person\/image\/","url":"https:\/\/i0.wp.com\/www.laznezenskeduse.cz\/wp-content\/uploads\/2021\/04\/Lazne-zenske-duse_logo.png?fit=400%2C150&ssl=1","contentUrl":"https:\/\/i0.wp.com\/www.laznezenskeduse.cz\/wp-content\/uploads\/2021\/04\/Lazne-zenske-duse_logo.png?fit=400%2C150&ssl=1","width":400,"height":150,"caption":"Anna Tali\u00e1nov\u00e1"},"logo":{"@id":"https:\/\/www.laznezenskeduse.cz\/#\/schema\/person\/image\/"},"sameAs":["http:\/\/laznezenskeduse.cz"]}]}},"jetpack_sharing_enabled":true,"jetpack-related-posts":[],"_links":{"self":[{"href":"https:\/\/www.laznezenskeduse.cz\/index.php\/wp-json\/wp\/v2\/pages\/1519"}],"collection":[{"href":"https:\/\/www.laznezenskeduse.cz\/index.php\/wp-json\/wp\/v2\/pages"}],"about":[{"href":"https:\/\/www.laznezenskeduse.cz\/index.php\/wp-json\/wp\/v2\/types\/page"}],"author":[{"embeddable":true,"href":"https:\/\/www.laznezenskeduse.cz\/index.php\/wp-json\/wp\/v2\/users\/1"}],"replies":[{"embeddable":true,"href":"https:\/\/www.laznezenskeduse.cz\/index.php\/wp-json\/wp\/v2\/comments?post=1519"}],"version-history":[{"count":20,"href":"https:\/\/www.laznezenskeduse.cz\/index.php\/wp-json\/wp\/v2\/pages\/1519\/revisions"}],"predecessor-version":[{"id":3944,"href":"https:\/\/www.laznezenskeduse.cz\/index.php\/wp-json\/wp\/v2\/pages\/1519\/revisions\/3944"}],"wp:featuredmedia":[{"embeddable":true,"href":"https:\/\/www.laznezenskeduse.cz\/index.php\/wp-json\/wp\/v2\/media\/3496"}],"wp:attachment":[{"href":"https:\/\/www.laznezenskeduse.cz\/index.php\/wp-json\/wp\/v2\/media?parent=1519"}],"curies":[{"name":"wp","href":"https:\/\/api.w.org\/{rel}","templated":true}]}}